{"id":8,"date":"2008-04-25T08:41:08","date_gmt":"2008-04-25T06:41:08","guid":{"rendered":"http:\/\/corpora.tyrell.hu\/hu\/?page_id=8"},"modified":"2008-08-04T12:31:58","modified_gmt":"2008-08-04T10:31:58","slug":"sajtoszoba","status":"publish","type":"page","link":"https:\/\/corpora.hu\/hu\/sajtoszoba\/","title":{"rendered":"Sajt\u00f3"},"content":{"rendered":"<p><strong>Sajt\u00f3kapcsolat: Bienn\u00e1l\u00e9 sajt\u00f3iroda<\/strong><\/p>\n<p>e-mail: <a onclick=\"javascript:pageTracker._trackPageview('\/mailto\/biennaleoffice@mucsarnok.hu');\"  href=\"mailto:biennaleoffice@mucsarnok.hu\" target=\"_blank\">biennaleoffice@mucsarnok.hu<\/a><br \/>\ntelefon: (1) 460-7000\/123<br \/>\nfax: (1) 363-6335<br \/>\nmobil: (06-30) 340-7849<\/p>\n<p><strong>Kur\u00e1tor: J\u00falius Gyula<\/strong><\/p>\n<p>e-mail: <a onclick=\"javascript:pageTracker._trackPageview('\/mailto\/gyjulius@gmail.com');\"  href=\"mailto:gyjulius@gmail.com\" target=\"_blank\">gyjulius@gmail.com<\/a><\/p>\n<p><strong>A doubleNegatives Architecture csapat magyar tagja: Mar\u00f3y \u00c1kos<\/strong><\/p>\n<p>e-mail: <a onclick=\"javascript:pageTracker._trackPageview('\/mailto\/akos@maroy.hu');\"  href=\"mailto:akos@maroy.hu\" target=\"_blank\">akos@maroy.hu<\/a><\/p>\n<p><strong>Tov\u00e1bb a katal\u00f3gushoz, sajt\u00f3anyagokhoz:<\/strong><\/p>\n","protected":false},"excerpt":{"rendered":"<p>Sajt\u00f3kapcsolat: Bienn\u00e1l\u00e9 sajt\u00f3iroda e-mail: biennaleoffice@mucsarnok.hu telefon: (1) 460-7000\/123 fax: (1) 363-6335 mobil: (06-30) 340-7849 Kur\u00e1tor: J\u00falius Gyula e-mail: gyjulius@gmail.com A doubleNegatives Architecture csapat magyar tagja: Mar\u00f3y \u00c1kos e-mail: akos@maroy.hu Tov\u00e1bb a katal\u00f3gushoz, sajt\u00f3anyagokhoz:<\/p>\n","protected":false},"author":3,"featured_media":0,"parent":0,"menu_order":3,"comment_status":"closed","ping_status":"open","template":"","meta":{"ngg_post_thumbnail":0},"_links":{"self":[{"href":"https:\/\/corpora.hu\/hu\/wp-json\/wp\/v2\/pages\/8"}],"collection":[{"href":"https:\/\/corpora.hu\/hu\/wp-json\/wp\/v2\/pages"}],"about":[{"href":"https:\/\/corpora.hu\/hu\/wp-json\/wp\/v2\/types\/page"}],"author":[{"embeddable":true,"href":"https:\/\/corpora.hu\/hu\/wp-json\/wp\/v2\/users\/3"}],"replies":[{"embeddable":true,"href":"https:\/\/corpora.hu\/hu\/wp-json\/wp\/v2\/comments?post=8"}],"version-history":[{"count":9,"href":"https:\/\/corpora.hu\/hu\/wp-json\/wp\/v2\/pages\/8\/revisions"}],"predecessor-version":[{"id":197,"href":"https:\/\/corpora.hu\/hu\/wp-json\/wp\/v2\/pages\/8\/revisions\/197"}],"wp:attachment":[{"href":"https:\/\/corpora.hu\/hu\/wp-json\/wp\/v2\/media?parent=8"}],"curies":[{"name":"wp","href":"https:\/\/api.w.org\/{rel}","templated":true}]}}