{"id":604,"date":"2008-11-27T11:56:26","date_gmt":"2008-11-27T09:56:26","guid":{"rendered":"http:\/\/corpora.hu\/hu\/?page_id=604"},"modified":"2008-12-22T10:22:54","modified_gmt":"2008-12-22T08:22:54","slug":"letoltheto-kezikonyv","status":"publish","type":"page","link":"https:\/\/corpora.hu\/hu\/sajtoszoba\/letoltheto-kezikonyv\/","title":{"rendered":"Let\u00f6lthet\u0151 k\u00e9zik\u00f6nyv"},"content":{"rendered":"            \n\t\t<div class=\"ngg-gallery-singlepic-image ngg-center\" style=\"max-width: 169px\">\n\t\t\t    \t<a href=\"https:\/\/corpora.hu\/hu\/wp-content\/gallery\/corpora-alap\/cis_book_i_cover_medium.jpg\"\n\t\t     title=\"\"\n             data-src=\"https:\/\/corpora.hu\/hu\/wp-content\/gallery\/corpora-alap\/cis_book_i_cover_medium.jpg\"\n             data-thumbnail=\"https:\/\/corpora.hu\/hu\/wp-content\/gallery\/corpora-alap\/thumbs\/thumbs_cis_book_i_cover_medium.jpg\"\n             data-image-id=\"498\"\n             data-title=\"cis_book_i_cover_medium.jpg\"\n             data-description=\"\"\n             target='_self'\n             class=\"ngg-simplelightbox\" rel=\"68193dda8190ce287deedaca48aaa95d\">\n            <img class=\"ngg-singlepic\"\n             src=\"https:\/\/corpora.hu\/hu\/nextgen-image\/498\/320x240x100\/40501ccb8acf0ad724e7702243994e5f\"\n             alt=\"cis_book_i_cover_medium.jpg\"\n             title=\"cis_book_i_cover_medium.jpg\"\n              width=\"169\"               \/>\n    \t<\/a>\n\t\t      <\/div>\n        \n<p>A Corpora egy kor\u00e1bbi ki\u00e1ll\u00edt\u00e1sa kapcs\u00e1n, amely 2007 okt\u00f3bere \u00e9s 2008 febru\u00e1rja k\u00f6z\u00f6tt volt megtek\u00ednthet\u0151 a Yamaguchi Art Centerben, Jap\u00e1nban, k\u00e9sz\u00fclt egy kiadv\u00e1ny amely elm\u00e9leti \u00edr\u00e1sokat, magyar\u00e1z\u00f3 \u00e9s v\u00e1zlatrajzokat \u00e9s a m\u0171vet komment\u00e1l\u00f3 r\u00f6vid szemelv\u00e9nyket tartalmaz a ki\u00e1ll\u00edt\u00e1s kur\u00e1torait\u00f3l \u00e9s a Doublenegatives csoport tagjait\u00f3l.<\/p>\n<p>A r\u00f6vid, harminc oldalas kiadv\u00e1ny \u00e9rdekes adal\u00e9lokkal szolg\u00e1lhat arr\u00f3l, milyen ir\u00e1ny\u00fa alkot\u00f3i folyamat eredm\u00e9nye a Corpora in Si(gh)te, hogyan \u00e1gyaz\u00f3dik be az \u00e9p\u00edt\u00e9szeti gondolkod\u00e1sba, illetve r\u00e9szletesen taglalja a rendszer m\u0171k\u00f6d\u00e9si elv\u00e9t a szuperszem fel\u00e9p\u00edt\u00e9s\u00e9t\u0151l a Corpora gyakorlati alkalmaz\u00e1s\u00e1ig.<\/p>\n<p>Az angol \u00e9s jap\u00e1n nyelv\u0171 sz\u00f6veggy\u0171jtem\u00e9ny teljes anyaga ingyenesen let\u00f6lthet\u0151<strong> <\/strong>a Corpora angol nyelv\u0171 oldal\u00e1r\u00f3l , vagy megv\u00e1s\u00e1rolhat\u00f3 az Amazon k\u00f6nyvesbolt Jap\u00e1n honlapj\u00e1n.<\/p>\n<p><strong><a onclick=\"javascript:pageTracker._trackPageview('\/outgoing\/corpora.hu\/en\/wp-content\/uploads\/2008\/08\/CiS_Book_I_cc_by_nc_sa.pdf');\"  href=\"http:\/\/corpora.hu\/en\/wp-content\/uploads\/2008\/08\/CiS_Book_I_cc_by_nc_sa.pdf\">Let\u00f6lt\u00e9s (43 Megabyte, pdf. form\u00e1tum)<\/a><\/strong><\/p>\n<p>vagy<\/p>\n<p><a onclick=\"javascript:pageTracker._trackPageview('\/outgoing\/www.amazon.co.jp\/Corpora-Si-te-Book-I\/dp\/4990411404\/ref');\"  href=\"http:\/\/www.amazon.co.jp\/Corpora-Si-te-Book-I\/dp\/4990411404\/ref\"><strong>V\u00e1s\u00e1rl\u00e1s<\/strong><\/a><\/p>\n<p>A kiad\u00e1vny let\u00f6lthet\u0151 verzi\u00f3ja <a onclick=\"javascript:pageTracker._trackPageview('\/outgoing\/creativecommons.org\/licenses\/by-nc-sa\/3.0\/deed.hu');\"  href=\"http:\/\/creativecommons.org\/licenses\/by-nc-sa\/3.0\/deed.hu\">Nevezd meg!-Ne add el!-\u00cdgy add tov\u00e1bb!<\/a> licensz alatt haszn\u00e1lhat\u00f3 fel.<\/p>\n","protected":false},"excerpt":{"rendered":"<p>A Corpora egy kor\u00e1bbi ki\u00e1ll\u00edt\u00e1sa kapcs\u00e1n, amely 2007 okt\u00f3bere \u00e9s 2008 febru\u00e1rja k\u00f6z\u00f6tt volt megtek\u00ednthet\u0151 a Yamaguchi Art Centerben, Jap\u00e1nban, k\u00e9sz\u00fclt egy kiadv\u00e1ny amely elm\u00e9leti \u00edr\u00e1sokat, magyar\u00e1z\u00f3 \u00e9s v\u00e1zlatrajzokat \u00e9s a m\u0171vet komment\u00e1l\u00f3 r\u00f6vid szemelv\u00e9nyket tartalmaz a ki\u00e1ll\u00edt\u00e1s kur\u00e1torait\u00f3l \u00e9s a Doublenegatives csoport tagjait\u00f3l. A r\u00f6vid, harminc oldalas kiadv\u00e1ny \u00e9rdekes adal\u00e9lokkal szolg\u00e1lhat arr\u00f3l, milyen ir\u00e1ny\u00fa [&hellip;]<\/p>\n","protected":false},"author":3,"featured_media":0,"parent":8,"menu_order":1,"comment_status":"open","ping_status":"open","template":"","meta":{"ngg_post_thumbnail":0},"_links":{"self":[{"href":"https:\/\/corpora.hu\/hu\/wp-json\/wp\/v2\/pages\/604"}],"collection":[{"href":"https:\/\/corpora.hu\/hu\/wp-json\/wp\/v2\/pages"}],"about":[{"href":"https:\/\/corpora.hu\/hu\/wp-json\/wp\/v2\/types\/page"}],"author":[{"embeddable":true,"href":"https:\/\/corpora.hu\/hu\/wp-json\/wp\/v2\/users\/3"}],"replies":[{"embeddable":true,"href":"https:\/\/corpora.hu\/hu\/wp-json\/wp\/v2\/comments?post=604"}],"version-history":[{"count":12,"href":"https:\/\/corpora.hu\/hu\/wp-json\/wp\/v2\/pages\/604\/revisions"}],"predecessor-version":[{"id":610,"href":"https:\/\/corpora.hu\/hu\/wp-json\/wp\/v2\/pages\/604\/revisions\/610"}],"up":[{"embeddable":true,"href":"https:\/\/corpora.hu\/hu\/wp-json\/wp\/v2\/pages\/8"}],"wp:attachment":[{"href":"https:\/\/corpora.hu\/hu\/wp-json\/wp\/v2\/media?parent=604"}],"curies":[{"name":"wp","href":"https:\/\/api.w.org\/{rel}","templated":true}]}}