{"id":5,"date":"2008-04-25T08:26:04","date_gmt":"2008-04-25T06:26:04","guid":{"rendered":"http:\/\/corpora.tyrell.hu\/hu\/?page_id=5"},"modified":"2008-09-24T17:13:08","modified_gmt":"2008-09-24T15:13:08","slug":"main","status":"publish","type":"page","link":"https:\/\/corpora.hu\/hu\/","title":{"rendered":"Corpora a Bienn\u00e1l\u00e9n"},"content":{"rendered":"<p>2008. szeptember 12-\u00e9n a 11. Velencei \u00c9p\u00edt\u00e9szeti Bienn\u00e1l\u00e9 magyar pavilonj\u00e1ban megny\u00edlt a Corpora in Si(gh)te projekt ki\u00e1ll\u00edt\u00e1sa.<\/p>\n<ul>\n<li><strong><a onclick=\"javascript:pageTracker._trackPageview('\/outgoing\/corpora.hu\/hu\/corpora\/');\"  href=\"http:\/\/corpora.hu\/hu\/corpora\/\">R\u00e9szletek a Corpora projektr\u0151l<\/a><\/strong><\/li>\n<li><strong><a onclick=\"javascript:pageTracker._trackPageview('\/outgoing\/corpora.hu\/hu\/muveszek\/');\"  href=\"http:\/\/corpora.hu\/hu\/muveszek\/\">A csapatr\u00f3l<\/a><\/strong><\/li>\n<li><strong><a onclick=\"javascript:pageTracker._trackPageview('\/outgoing\/corpora.hu\/hu\/sajtoszoba\/');\"  href=\"http:\/\/corpora.hu\/hu\/sajtoszoba\/\">Sajt\u00f3: anyagok, k\u00f6zlem\u00e9nyek, megjelen\u00e9sek<\/a><\/strong><\/li>\n<li><strong><a onclick=\"javascript:pageTracker._trackPageview('\/outgoing\/corpora.hu\/hu\/sajtoszoba\/katalogus\/');\"  href=\"http:\/\/corpora.hu\/hu\/sajtoszoba\/katalogus\/\">A katal\u00f3gus<\/a><br \/>\n<\/strong><\/li>\n<li><a onclick=\"javascript:pageTracker._trackPageview('\/outgoing\/corpora.hu\/hu\/kepek-es-videok\/');\"  href=\"http:\/\/corpora.hu\/hu\/kepek-es-videok\/\"><strong>K\u00e9pek \u00e9s vide\u00f3k<\/strong><\/a> kor\u00e1bbi Corpora ki\u00e1ll\u00edt\u00e1sokr\u00f3l \u00e9s a velencei el\u0151k\u00e9sz\u00fcletekr\u0151l<\/li>\n<li><strong><a onclick=\"javascript:pageTracker._trackPageview('\/outgoing\/corpora.hu\/hu\/blog\/');\"  href=\"http:\/\/corpora.hu\/hu\/blog\/\">Blog a ki\u00e1ll\u00edt\u00e1s \u00e9p\u00edt\u00e9s\u00e9nek esem\u00e9nyeir\u0151l, illetve r\u00e9szletes inform\u00e1ci\u00f3k a Corpor\u00e1r\u00f3l<\/a><\/strong><\/li>\n<\/ul>\n            \n\t\t<div class=\"ngg-gallery-singlepic-image \" style=\"max-width: 500px\">\n\t\t\t    \t<a href=\"https:\/\/corpora.hu\/hu\/wp-content\/gallery\/hires\/cis_ven_perspective.jpg\"\n\t\t     title=\"\"\n             data-src=\"https:\/\/corpora.hu\/hu\/wp-content\/gallery\/hires\/cis_ven_perspective.jpg\"\n             data-thumbnail=\"https:\/\/corpora.hu\/hu\/wp-content\/gallery\/hires\/thumbs\/thumbs_cis_ven_perspective.jpg\"\n             data-image-id=\"123\"\n             data-title=\"cis_ven_perspective.jpg\"\n             data-description=\"\"\n             target='_self'\n             class=\"ngg-simplelightbox\" rel=\"c7953e762c76f051468ef8e8b316337c\">\n            <img class=\"ngg-singlepic\"\n             src=\"https:\/\/corpora.hu\/hu\/nextgen-image\/123\/500x473x100\/022c6b904bc3dcc703753fa80a3a792d\"\n             alt=\"cis_ven_perspective.jpg\"\n             title=\"cis_ven_perspective.jpg\"\n              width=\"500\"               \/>\n    \t<\/a>\n\t\t      <\/div>\n        \n<p>&#8220;A nanotechnol\u00f3gia fejl\u0151d\u00e9s\u00e9vel \u00e9s a sz\u00e1m\u00edt\u00f3g\u00e9pes k\u00f3dol\u00e1s haszn\u00e1lat\u00e1val nem csak William Gibson v\u00edzi\u00f3ja \u2013 Toki\u00f3 f\u00f6ldreng\u00e9s ut\u00e1ni, pillanatok alatt lej\u00e1tsz\u00f3d\u00f3 \u00fajra\u00e9p\u00fcl\u00e9se a nano-technol\u00f3gia seg\u00edts\u00e9g\u00e9vel \u2013 hanem a virtu\u00e1lis t\u00e9rben \u2013 pl. a Corpor\u00e1n\u00e1l \u2013 megjelen\u0151 reszponz\u00edv \u00e1tform\u00e1l\u00f3d\u00e1s is fizikai val\u00f3s\u00e1gg\u00e1 v\u00e1lhat.&#8221; \/\/M\u00e1rton Enik\u0151, \u00e9p\u00edt\u00e9sz, Corpora katal\u00f3gus<\/p>\n<p>&#8220;Az alulr\u00f3l szervez\u0151d\u0151, tervez\u0151m\u00e9rn\u00f6k ir\u00e1ny\u00edt\u00e1sa n\u00e9lk\u00fcl l\u00e9trej\u00f6tt strukt\u00far\u00e1k mint\u00e1j\u00e1t k\u00f6veti a jap\u00e1n-sv\u00e1jci-magyar egy\u00fcttm\u0171k\u00f6d\u00e9sb\u0151l sz\u00fcletett doubleNegatives Architecture csapat (tagjai: Kaoru Kobata, Sota Ichikawa, Max Rheiner, Mar\u00f3y \u00c1kos) Corpora inSi(gh)te projektje. A Corpora egy olyan sz\u00e1m\u00edt\u00f3g\u00e9pes program, amely elektronikus \u00e9rz\u00e9kel\u0151ket vez\u00e9relve inform\u00e1ci\u00f3kat \u2013 sz\u00e9lir\u00e1ny, mozg\u00e1s, h\u0151m\u00e9rs\u00e9klet, f\u00e9nyer\u0151 \u2013 gy\u0171jt a k\u00fclvil\u00e1gr\u00f3l, majd olyan szerkezeteket hoz l\u00e9tre, amelyek \u00e1lland\u00f3 harm\u00f3ni\u00e1t keresnek a k\u00fclvil\u00e1g ezen elemeivel.<\/p>\n<p>A Velenc\u00e9ben megval\u00f3sul\u00f3 Corpora in Si(gh)te egy a Magyar Pavilon \u00e9p\u00fclet\u00e9re vet\u00fcl\u0151 virtu\u00e1lis \u00e9p\u00edtm\u00e9ny, mely a k\u00f6rnyezeti hat\u00e1sok \u00e9s a l\u00e1togat\u00f3k interakci\u00f3ja r\u00e9v\u00e9n k\u00e9pl\u00e9keny, \u00e1lland\u00f3an v\u00e1ltoz\u00f3 \u00e9p\u00edt\u00e9szeti strukt\u00far\u00e1t alkot.&#8221; \/\/ J\u00falius Gyula &#8211; kur\u00e1tor<\/p>\n<p>&#8220;A generat\u00edv \u00e9p\u00edt\u00e9szet az ipari, a fogyaszt\u00f3i kult\u00far\u00e1t kiszolg\u00e1l\u00f3 \u00e9p\u00edt\u00e9szeti gondolkod\u00e1snak az ellent\u00e9te: olyan teret alak\u00edt ki, amely teljes harm\u00f3ni\u00e1ban van addigi \u00e9letvitel\u00fcnkkel, a helyi t\u00e9rhaszn\u00e1lati szok\u00e1sokkal&#8230;&#8221; \/\/ <a onclick=\"javascript:pageTracker._trackPageview('\/outgoing\/corpora.hu\/hu\/wp-content\/gallery\/sajto\/pestimusor.jpg');\"  href=\"http:\/\/corpora.hu\/hu\/wp-content\/gallery\/sajto\/pestimusor.jpg\"><strong>Pesti M\u0171sor &#8211; 2008. febru\u00e1r<\/strong><\/a><\/p>\n<p>&#8220;A t\u00edz \u00e9ve l\u00e9tez\u0151 csoport \u00e9rdekess\u00e9ge, hogy szem\u00e9lyesen alig tal\u00e1lkoznak. A vil\u00e1g k\u00fcl\u00f6nb\u00f6z\u0151 pontjain \u00e9lve az internet seg\u00edts\u00e9g\u00e9vel m\u0171k\u00f6dnek egy\u00fctt. Nyertes projektj\u00fck, a Corpora, is hasonl\u00f3 elven m\u0171k\u00f6dik, mint csoportjuk. Az egyes elemek \u00f6n\u00e1ll\u00f3an m\u0171k\u00f6dnek, d\u00f6nt\u00e9seket hoznak \u00e9s \u00edgy alak\u00edtj\u00e1k ki a k\u00f6z\u00f6s m\u0171vet. [&#8230;] Az organikus \u00e9p\u00edt\u00e9szetr\u0151l a nagyk\u00f6z\u00f6ns\u00e9g sz\u00e1m\u00e1ra legink\u00e1bb a term\u00e9szetb\u0151l ellesett formai megold\u00e1sok jelentik, \u00e1m a doubleNegatives Architecture m\u0171ve nem form\u00e1iban, hanem mechanizmus\u00e1ban ut\u00e1nozza a term\u00e9szetet.&#8221; \/\/ <a onclick=\"javascript:pageTracker._trackPageview('\/outgoing\/nepszava.hu\/default.asp?cCenter=OnlineCikk.asp&amp;ArticleID=1019997');\"  href=\"http:\/\/nepszava.hu\/default.asp?cCenter=OnlineCikk.asp&amp;ArticleID=1019997\"><strong>N\u00e9pszava &#8211; 2008. m\u00e1rcius<\/strong><\/a><\/p>\n            \n\t\t<div class=\"ngg-gallery-singlepic-image \" style=\"max-width: 500px\">\n\t\t\t    \t<a href=\"https:\/\/corpora.hu\/hu\/wp-content\/gallery\/sotaimagesfinal-2008-09-23\/exhibition-view-from-atrium2.jpg\"\n\t\t     title=\"\"\n             data-src=\"https:\/\/corpora.hu\/hu\/wp-content\/gallery\/sotaimagesfinal-2008-09-23\/exhibition-view-from-atrium2.jpg\"\n             data-thumbnail=\"https:\/\/corpora.hu\/hu\/wp-content\/gallery\/sotaimagesfinal-2008-09-23\/thumbs\/thumbs_exhibition-view-from-atrium2.jpg\"\n             data-image-id=\"359\"\n             data-title=\"exhibition-view-from-atrium2.jpg\"\n             data-description=\"\"\n             target='_self'\n             class=\"ngg-simplelightbox\" rel=\"9634f20df14db1044e43d3abc120f3bf\">\n            <img class=\"ngg-singlepic\"\n             src=\"https:\/\/corpora.hu\/hu\/nextgen-image\/359\/500x375x100\/e3f3f3008ea490e188235f5c958851b9\"\n             alt=\"exhibition-view-from-atrium2.jpg\"\n             title=\"exhibition-view-from-atrium2.jpg\"\n              width=\"500\"               \/>\n    \t<\/a>\n\t\t      <\/div>\n        \n<p><a href=\"http:\/\/corpora.hu\/hu\/wp-content\/uploads\/2008\/07\/cor28.jpg\"><br \/>\n<\/a><\/p>\n","protected":false},"excerpt":{"rendered":"<p>2008. szeptember 12-\u00e9n a 11. Velencei \u00c9p\u00edt\u00e9szeti Bienn\u00e1l\u00e9 magyar pavilonj\u00e1ban megny\u00edlt a Corpora in Si(gh)te projekt ki\u00e1ll\u00edt\u00e1sa. R\u00e9szletek a Corpora projektr\u0151l A csapatr\u00f3l Sajt\u00f3: anyagok, k\u00f6zlem\u00e9nyek, megjelen\u00e9sek A katal\u00f3gus K\u00e9pek \u00e9s vide\u00f3k kor\u00e1bbi Corpora ki\u00e1ll\u00edt\u00e1sokr\u00f3l \u00e9s a velencei el\u0151k\u00e9sz\u00fcletekr\u0151l Blog a ki\u00e1ll\u00edt\u00e1s \u00e9p\u00edt\u00e9s\u00e9nek esem\u00e9nyeir\u0151l, illetve r\u00e9szletes inform\u00e1ci\u00f3k a Corpor\u00e1r\u00f3l &#8220;A nanotechnol\u00f3gia fejl\u0151d\u00e9s\u00e9vel \u00e9s a sz\u00e1m\u00edt\u00f3g\u00e9pes [&hellip;]<\/p>\n","protected":false},"author":3,"featured_media":0,"parent":0,"menu_order":1,"comment_status":"closed","ping_status":"open","template":"","meta":{"ngg_post_thumbnail":0},"_links":{"self":[{"href":"https:\/\/corpora.hu\/hu\/wp-json\/wp\/v2\/pages\/5"}],"collection":[{"href":"https:\/\/corpora.hu\/hu\/wp-json\/wp\/v2\/pages"}],"about":[{"href":"https:\/\/corpora.hu\/hu\/wp-json\/wp\/v2\/types\/page"}],"author":[{"embeddable":true,"href":"https:\/\/corpora.hu\/hu\/wp-json\/wp\/v2\/users\/3"}],"replies":[{"embeddable":true,"href":"https:\/\/corpora.hu\/hu\/wp-json\/wp\/v2\/comments?post=5"}],"version-history":[{"count":15,"href":"https:\/\/corpora.hu\/hu\/wp-json\/wp\/v2\/pages\/5\/revisions"}],"predecessor-version":[{"id":105,"href":"https:\/\/corpora.hu\/hu\/wp-json\/wp\/v2\/pages\/5\/revisions\/105"}],"wp:attachment":[{"href":"https:\/\/corpora.hu\/hu\/wp-json\/wp\/v2\/media?parent=5"}],"curies":[{"name":"wp","href":"https:\/\/api.w.org\/{rel}","templated":true}]}}