{"id":4,"date":"2008-04-25T02:21:34","date_gmt":"2008-04-25T06:21:34","guid":{"rendered":"http:\/\/corpora.tyrell.hu\/hu\/?page_id=4"},"modified":"2008-08-04T08:02:20","modified_gmt":"2008-08-04T06:02:20","slug":"muveszek","status":"publish","type":"page","link":"https:\/\/corpora.hu\/hu\/corpora\/muveszek\/","title":{"rendered":"A csapatr\u00f3l"},"content":{"rendered":"<p>A doubleNegatives Architecture (dNA) jap\u00e1n-sv\u00e1jci-magyar csoport 1998 \u00f3ta\u00a0 Sota Ichikawa \u00e9p\u00edt\u00e9sz vezet\u00e9s\u00e9vel kutatja a t\u00e9r felm\u00e9r\u00e9s\u00e9nek \u00faj elj\u00e1r\u00e1sait \u00e9s eszk\u00f6zeit, ezeket az elj\u00e1r\u00e1sokkal \u00e9s berendez\u00e9sekkel v\u00e9gzett praxist \u00e9p\u00edt\u00e9szetnek tekinti. A k\u00fcl\u00f6nb\u00f6z\u0151 tev\u00e9kenys\u00e9gek egyedi sk\u00e1l\u00e1j\u00e1n mozogva minden egyes projektj\u00fckh\u00f6z k\u00fcl\u00f6n munkacsapatot \u00e1ll\u00edtanak fel. A doubleNegatives t\u00f6rt\u00e9nete kiv\u00e1l\u00f3 p\u00e9lda arra, hogy mik\u00e9nt m\u0171k\u00f6dhetnek hasonl\u00f3 szellemis\u00e9g\u0171 alkot\u00f3kat \u00f6sszefog\u00f3 m\u0171helyek a vil\u00e1g t\u00e1voli pontjain \u00e9l\u0151 szakemberek, m\u0171v\u00e9szek r\u00e9szv\u00e9tel\u00e9vel.<\/p>\n<p>A doubleNegatives Architecture kor\u00e1bbi munk\u00e1i a kilencvenes \u00e9vek v\u00e9g\u00e9n megkezdett &#8220;Architecture without Architect&#8221;, ill. az &#8220;Architecture without Building&#8221; kutat\u00e1si t\u00e9m\u00e1kb\u00f3l fakad\u00f3 m\u00e9diam\u0171v\u00e9szeti install\u00e1ci\u00f3k, \u00e9p\u00fclettervek, amelyek ki\u00e1ll\u00edt\u00e1saikon \u00e9s az ezekhez kapcsol\u00f3d\u00f3 el\u0151ad\u00e1sok \u00e9s workshopok keret\u00e9ben ker\u00fcltek bemutat\u00e1sra a vil\u00e1g sz\u00e1mos orsz\u00e1g\u00e1ban. Az Ichikawa \u00e1ltal kifejlesztett &#8211; \u00e9s igen figyelemre m\u00e9lt\u00f3 n\u00f3vumot jelent\u0151 &#8211; Super Eye projekci\u00f3s rendszert haszn\u00e1l\u00f3 install\u00e1ci\u00f3k a n\u00e9z\u0151k akt\u00edv r\u00e9szv\u00e9tel\u00e9vel m\u0171k\u00f6dnek.<\/p>\n<p>A dNA jelenleg egy alulr\u00f3l szervez\u0151d\u0151 cella-robot programmal, a form\u00e1k automatikus gener\u00e1l\u00e1s\u00e1n kereszt\u00fcl tanulm\u00e1nyozza az \u00e9p\u00edt\u00e9szeti modellez\u00e9st. A m\u00f3dszert a j\u00f6v\u0151ben h\u00e1romdimenzi\u00f3s m\u00e9diumm\u00e1 fejlesztve v\u00e1rosi terekben k\u00edv\u00e1nj\u00e1k bemutatni.<\/p>\n<p>Leg\u00fajabb munk\u00e1juk a Corpora project; ennek l\u00e9p\u00e9sr\u0151l l\u00e9p\u00e9sre tov\u00e1bbfejl\u0151d\u0151 ki\u00e1ll\u00edt\u00e1sain a k\u00edn\u00e1lkoz\u00f3 asszoci\u00e1ci\u00f3k sora a kor \u00e9p\u00edt\u00e9szet\u00e9nek aktu\u00e1lis probl\u00e9m\u00e1ira, a sz\u00e1m\u00edt\u00f3g\u00e9pes tervez\u00e9s korl\u00e1tlan lehet\u0151s\u00e9gei mellett felmer\u00fcl\u0151 etikai k\u00e9rd\u00e9sekre ir\u00e1ny\u00edtja a figyelmet &#8211; diskurzust kezdem\u00e9nyezve. A projekt eszk\u00f6zeinek haszn\u00e1lata, a percepci\u00f3 kisz\u00e9les\u00edt\u00e9se a Supe eye \u00e9s az Augmented Reality sziszt\u00e9m\u00e1k \u00e1ltal eszt\u00e9tikai, szociol\u00f3giai, filoz\u00f3fiai k\u00e9rd\u00e9sek sor\u00e1t ind\u00edtja el a l\u00e1togat\u00f3kban.<\/p>\n<ul>\n<li><a onclick=\"javascript:pageTracker._trackPageview('\/outgoing\/corpora.hu\/hu\/corpora\/double1\/');\"  href=\"http:\/\/corpora.hu\/hu\/corpora\/double1\/\"><strong>A csapat tagjai<\/strong><\/a><a href=\"http:\/\/doublenegatives.jp\/\"><strong><br \/>\n<\/strong><\/a><\/li>\n<li><a onclick=\"javascript:pageTracker._trackPageview('\/outgoing\/doublenegatives.jp\/');\"  href=\"http:\/\/doublenegatives.jp\/\"><strong>A csapat angol nyelv\u0171 weboldala<\/strong><\/a><\/li>\n<\/ul>\n","protected":false},"excerpt":{"rendered":"<p>A doubleNegatives Architecture (dNA) jap\u00e1n-sv\u00e1jci-magyar csoport 1998 \u00f3ta\u00a0 Sota Ichikawa \u00e9p\u00edt\u00e9sz vezet\u00e9s\u00e9vel kutatja a t\u00e9r felm\u00e9r\u00e9s\u00e9nek \u00faj elj\u00e1r\u00e1sait \u00e9s eszk\u00f6zeit, ezeket az elj\u00e1r\u00e1sokkal \u00e9s berendez\u00e9sekkel v\u00e9gzett praxist \u00e9p\u00edt\u00e9szetnek tekinti. A k\u00fcl\u00f6nb\u00f6z\u0151 tev\u00e9kenys\u00e9gek egyedi sk\u00e1l\u00e1j\u00e1n mozogva minden egyes projektj\u00fckh\u00f6z k\u00fcl\u00f6n munkacsapatot \u00e1ll\u00edtanak fel. A doubleNegatives t\u00f6rt\u00e9nete kiv\u00e1l\u00f3 p\u00e9lda arra, hogy mik\u00e9nt m\u0171k\u00f6dhetnek hasonl\u00f3 szellemis\u00e9g\u0171 alkot\u00f3kat \u00f6sszefog\u00f3 [&hellip;]<\/p>\n","protected":false},"author":3,"featured_media":0,"parent":3,"menu_order":2,"comment_status":"closed","ping_status":"open","template":"","meta":{"ngg_post_thumbnail":0},"_links":{"self":[{"href":"https:\/\/corpora.hu\/hu\/wp-json\/wp\/v2\/pages\/4"}],"collection":[{"href":"https:\/\/corpora.hu\/hu\/wp-json\/wp\/v2\/pages"}],"about":[{"href":"https:\/\/corpora.hu\/hu\/wp-json\/wp\/v2\/types\/page"}],"author":[{"embeddable":true,"href":"https:\/\/corpora.hu\/hu\/wp-json\/wp\/v2\/users\/3"}],"replies":[{"embeddable":true,"href":"https:\/\/corpora.hu\/hu\/wp-json\/wp\/v2\/comments?post=4"}],"version-history":[{"count":15,"href":"https:\/\/corpora.hu\/hu\/wp-json\/wp\/v2\/pages\/4\/revisions"}],"predecessor-version":[{"id":100,"href":"https:\/\/corpora.hu\/hu\/wp-json\/wp\/v2\/pages\/4\/revisions\/100"}],"up":[{"embeddable":true,"href":"https:\/\/corpora.hu\/hu\/wp-json\/wp\/v2\/pages\/3"}],"wp:attachment":[{"href":"https:\/\/corpora.hu\/hu\/wp-json\/wp\/v2\/media?parent=4"}],"curies":[{"name":"wp","href":"https:\/\/api.w.org\/{rel}","templated":true}]}}