{"id":194,"date":"2008-08-01T00:17:05","date_gmt":"2008-07-31T22:17:05","guid":{"rendered":"http:\/\/corpora.hu\/hu\/?page_id=194"},"modified":"2008-08-04T08:04:36","modified_gmt":"2008-08-04T06:04:36","slug":"double1","status":"publish","type":"page","link":"https:\/\/corpora.hu\/hu\/corpora\/double1\/","title":{"rendered":"A csapat tagjai"},"content":{"rendered":"<p>A doubleNegatives Architecture (dNA) jap\u00e1n-sv\u00e1jci-magyar csapat tagjai Sota Ichikawa, Mar\u00f3y \u00c1kos, Max Rheiner, Kaoru Kobata, tov\u00e1bb\u00e1 Satoru Higa \u00e9s Hajime Narukava. A dNA Corpora projektj\u00e9nek kur\u00e1torai t\u00f6bbek k\u00f6z\u00f6tt J\u00falius Gyula \u00e9s Abe Kazuano.<\/p>\n<p>A csapat tagjair\u00f3l:<\/p>\n<p><a onclick=\"javascript:pageTracker._trackPageview('\/outgoing\/doublenegatives.jp\/sota\/profile.htm');\"  href=\"http:\/\/doublenegatives.jp\/sota\/profile.htm\"><strong>Sota Ichikawa<\/strong><\/a> &#8211; \u00e9p\u00edt\u00e9sz \/\/ Toki\u00f3, Jap\u00e1n<\/p>\n<p>1995-ben kezdett el egy a t\u00e9r lek\u00e9pz\u00e9s\u00e9re ir\u00e1nyul\u00f3 projekttel foglalkozni, melyet &#8220;\u00d6sszetett szem a s\u00edkban \u2013 szuperszemnek&#8221; keresztelt. 1997-ben a Knowbotic Research csoporttal egy\u00fcttm\u0171k\u00f6dve &#8211; a Canon ARTLAB t\u00e1mogat\u00e1s\u00e1val &#8211; r\u00e9szt vesz a &#8220;IO_DENCIES &#8211; Tokyo&#8221; workshopon mint \u00e9p\u00edt\u00e9sz \u00e9s v\u00e1rosi t\u00e9r kutat\u00f3. 1998-ban Kyotoban, Nishijinben dolgozik a Hinaya Projectben, melyben tradicion\u00e1lis jap\u00e1n bels\u0151 tereket hoznak l\u00e9tre Shusaku ARAKAWA \u00e9s Madelaine GINS k\u00f6zrem\u0171k\u00f6d\u00e9s\u00e9vel.<\/p>\n<p>M\u00e9g ugyanebben az \u00e9vben, 1998-ban megalap\u00edtja a <a onclick=\"javascript:pageTracker._trackPageview('\/outgoing\/doublenegatives.jp\/');\"  href=\"http:\/\/doublenegatives.jp\/\"><strong>doubleNegatives Architecture<\/strong><\/a> csoportot. 2001-t\u0151l kezdve workshopokat tart a tamai m\u0171v\u00e9szeti egyetemen \u00e9s a Zokei egyetemen. 2003-kezdi el &#8220;gravicelles \u2013 Gravit\u00e1ci\u00f3 \u00e9s Ellen\u00e1ll\u00e1s&#8221; a c\u00edm\u0171 projekj\u00e9t, amelyet Seiko Mikamival kollabor\u00e1ci\u00f3ban hoz l\u00e9tre a YCAM &#8211; Yamaguchi M\u0171v\u00e9szeti \u00e9s M\u00e9diam\u0171v\u00e9szeti k\u00f6zpontja sz\u00e1m\u00e1ra (Jap\u00e1n, 2004). A projektet az al\u00e1bbi helysz\u00edneken mutatt\u00e1k be: DEAF04 (Rotterdam, Hollandia, 2004), transmediale.05 (Berlin, N\u00e9metorsz\u00e1g, 2005), SHARE (Torino, Olaszorsz\u00e1g, 2005), VIA (Maubeuge, Franciaorsz\u00e1g, 2005), EXIT (Creteil, Franciaorsz\u00e1g, 2005), Ars Electronica (Linz, Ausztria, 2005), ICC (Toki\u00f3, Jap\u00e1n, 2005), OOH Festival (Gijon, Spanyolorsz\u00e1g, 2006), Mois Multi (Quebec, Kanada, 2007), EL MEDIO ES LA COMUNICACION (Santa Cruz, Spanyolorsz\u00e1g, 2007), ICC (Toki\u00f3, Jap\u00e1n, 2008)<\/p>\n<p><a onclick=\"javascript:pageTracker._trackPageview('\/outgoing\/akos.maroy.hu');\"  href=\"http:\/\/akos.maroy.hu\"><strong>Mar\u00f3y \u00c1kos<\/strong><\/a> &#8211; szoftverm\u0171v\u00e9sz \/\/ Budapest &#8211; Magyarorsz\u00e1g<\/p>\n<p>Sz\u00e1mtalan gazdas\u00e1gi jelleg\u0171 \u00e9s nonprofit szervezet alap\u00edt\u00f3ja \u00e9s tagja, amelyek profilja sz\u00e9les sk\u00e1l\u00e1n mozog az \u00fczleti szoftver\u00e9rt\u00e9kes\u00edt\u00e9st\u0151l a ny\u00edlt forr\u00e1sk\u00f3d\u00fa szoftverek tervez\u00e9s\u00e9n \u00e1t a mesters\u00e9ges \u00e9let \u00e9s emergens rendszerek kutat\u00e1s\u00e1ig, illetve m\u00e9dia \u00e9s biom\u0171v\u00e9szeti projektek megval\u00f3s\u00edt\u00e1s\u00e1ig vagy k\u00f6z\u00f6ss\u00e9gi r\u00e1di\u00f3k \u00fczemeltet\u00e9s\u00e9ig. Alap\u00edt\u00f3ja \u00e9s egykori tagja a <strong><a onclick=\"javascript:pageTracker._trackPageview('\/outgoing\/nextlab.hu\/');\"  href=\"http:\/\/nextlab.hu\/\">Nextlab<\/a><\/strong>nek, amely egy \u00faj m\u00e9di\u00e1val foglalkoz\u00f3 nyitott labor Budapesten. Kurat\u00f3riumi tagk\u00e9nt csatlakozott a <strong><a onclick=\"javascript:pageTracker._trackPageview('\/outgoing\/tilos.hu\/');\"  href=\"http:\/\/tilos.hu\/\">Tilos R\u00e1di\u00f3<\/a><\/strong> csapat\u00e1hoz, amely egy f\u00fcggetlen k\u00f6z\u00f6ss\u00e9gi r\u00e1di\u00f3 Budapesten. Alap\u00edt\u00f3 \u00e9s egykori tag a budapesti Emergencia Kutat\u00f3 Int\u00e9zetben.<\/p>\n<p>Alap\u00edt\u00f3ja \u00e9s Technol\u00f3giai igazgat\u00f3ja <strong><a onclick=\"javascript:pageTracker._trackPageview('\/outgoing\/euedge.com\/');\"  href=\"http:\/\/euedge.com\/\">EU Edge LLC<\/a><\/strong> szoftverfejleszt\u0151 c\u00e9gnek, amely els\u0151sorban Egyes\u00fclt \u00c1llamokbeli c\u00e9gek outsourceolt megb\u00edz\u00e1sait v\u00e9gzi. A <strong><a onclick=\"javascript:pageTracker._trackPageview('\/outgoing\/doublenegatives.jp\/');\"  href=\"http:\/\/doublenegatives.jp\/\">double Negatives Architecture<\/a><\/strong> csoport tagja, amely jelenleg a <strong><a onclick=\"javascript:pageTracker._trackPageview('\/outgoing\/corpora.hu\/hu\/');\"  href=\"http:\/\/corpora.hu\/hu\/\">Corpora<\/a> <\/strong>generat\u00edv \u00e9p\u00edt\u00e9szeti projekten dolgozik. Alap\u00edt\u00f3 \u00e9s szervez\u0151 a <a onclick=\"javascript:pageTracker._trackPageview('\/outgoing\/newtech.meetup.com\/42\/');\"  href=\"http:\/\/newtech.meetup.com\/42\/\"><strong>Budapest New Technology Meetup<\/strong> <\/a>rendezv\u00e9nyen, amely \u00faj technol\u00f3gi\u00e1k ir\u00e1nt \u00e9rdekl\u0151d\u0151 lelkes szakemberek \u00e9s kutat\u00f3k havi rendszeress\u00e9ggel visszat\u00e9r\u0151 \u00f6sszej\u00f6vetele. Alap\u00edt\u00f3ja \u00e9s eln\u00f6khelyettese a <strong><a onclick=\"javascript:pageTracker._trackPageview('\/outgoing\/www.openstandardsalliance.com\/');\"  href=\"http:\/\/www.openstandardsalliance.com\/\">Ny\u00edlt Szabv\u00e1ny Sz\u00f6vets\u00e9gnek<\/a><\/strong>, amely szervezet c\u00e9lja a hazai informatikai szc\u00e9n\u00e1n bel\u00fcl az egy\u00fcttm\u0171k\u00f6d\u00e9sre k\u00e9pes rendszerek prom\u00f3ci\u00f3ja.<\/p>\n<p><a onclick=\"javascript:pageTracker._trackPageview('\/outgoing\/iad.hgkz.ch\/personen\/angestellte\/max_rheiner\/');\"  href=\"http:\/\/iad.hgkz.ch\/personen\/angestellte\/max_rheiner\/\"><strong>Max Rheiner<\/strong><\/a> &#8211; m\u0171v\u00e9sz, szoftver- \u00e9s hardverfejleszt\u0151 \/\/ Z\u00fcrich, Sv\u00e1jc<\/p>\n<p>M\u0171v\u00e9szet\u00e9ben a interakt\u00edv install\u00e1ci\u00f3k k\u00e9sz\u00edt\u00e9s\u00e9re, a szoftverekre \u00e9s a szobr\u00e1szatra helyezi a hangs\u00falyt. Munk\u00e1it a Liste 01 Art Basel, Ars Electronica Linz, 4. Interlokalen Dada-Festwoche Z\u00fcrich \u00e9s ICC Tokyo ki\u00e1ll\u00edt\u00e1sokon \u00e1ll\u00edtott\u00e1k ki, melyeknek egy r\u00e9sze m\u00e1s m\u0171v\u00e9szekkel egy\u00fcttm\u0171k\u00f6d\u00e9sben (Knowbotic Research, Felix Eggman \u00e9s Raphael Perret) val\u00f3sult meg.<\/p>\n<p>2003 \u00f3ta a Z\u00fcrichi M\u0171v\u00e9szeti Egyetemen (Zhdk) ad el\u0151, illetve az egyetem k\u00eds\u00e9rleti hardvereket vez\u00e9rl\u0151 programok el\u0151\u00e1ll\u00edt\u00e1si laborj\u00e1nak vezet\u0151je, ahol egy olyan hardver- \u00e9s szoftverinterf\u00e9szt hozott l\u00e9tre, amely a m\u0171v\u00e9szeti k\u00e9pz\u00e9sben \u00e9s ipartervez\u00e9sben tanul\u00f3 di\u00e1kok r\u00e9sz\u00e9re k\u00f6nny\u00edti meg a sz\u00e1m\u00edt\u00f3g\u00e9pes technol\u00f3gi\u00e1khoz val\u00f3 hozz\u00e1f\u00e9r\u00e9st. Max Rheiner elektronikai technol\u00f3gi\u00e1t tanult, szoftverfejleszt\u0151kk\u00e9nt CAD rendszereket fejlesztett. P\u00e1r \u00e9ve felhalmozott munkatapasztalat ut\u00e1n beiratkozott a Z\u00fcrichi M\u0171v\u00e9szeti Egyetemre, ahol 2003-ban v\u00e9gzett, az \u00daj M\u00e9dia tansz\u00e9ken. 2001-ben h\u00e1rom h\u00f3napot Jap\u00e1nban t\u00f6lt\u00f6tt mint a Toki\u00f3i InterCommunication Center (ICC) gyakornoka.<\/p>\n<p><a onclick=\"javascript:pageTracker._trackPageview('\/outgoing\/d-xx.com\/kaoru\/');\"  href=\"http:\/\/d-xx.com\/kaoru\/\"><strong>Kaoru Kobata<\/strong><\/a> &#8211; grafikus, fot\u00f3retus\u00e1l\u00f3 m\u0171v\u00e9sz \/\/ Toki\u00f3, Jap\u00e1n<\/p>\n<p>Grafikusk\u00e9nt, illetve retus\u00e1l\u00f3k\u00e9nt dolgozik csend\u00e9letfot\u00f3kon. Az unICoRn grafikai c\u00e9g vezet\u0151je. A Londoni Nemzetk\u00f6zi Rekl\u00e1mm\u0171v\u00e9szeti D\u00edj d\u00f6nt\u0151se. \u0150 a felel\u0151s a doubleNegatives csoport grafikai megjelen\u00e9s\u00e9rt \u00e9s \u00e1ltal\u00e1nos arculat\u00e1\u00e9rt.<\/p>\n<p><strong>Satoru Higa<\/strong> &#8211; m\u0171v\u00e9sz, programoz\u00f3 \/\/ Toki\u00f3, Jap\u00e1n<br \/>\nAz Inform\u00e1ci\u00f3s M\u0171v\u00e9szeti program v\u00e9gz\u0151s hallgat\u00f3ja a Tama M\u0171v\u00e9szeti Egyetemen, az Inform\u00e1ci\u00f3s Design tansz\u00e9ken, Toki\u00f3ban. F\u0151bb \u00e9rdekl\u0151d\u00e9si ter\u00fcletei a hang- \u00e9s szoftverm\u0171v\u00e9szetek. Egyedi jeltov\u00e1bb\u00edt\u00f3 rendszereket \u00e9s h\u00e1rom dimenzi\u00f3s megjelen\u00edt\u0151 szoftvereket tervez elektronikus zenei hangszerek r\u00e9sz\u00e9re, amelyeket felhaszn\u00e1l \u00e9l\u0151 el\u0151ad\u00e1saiban \u00e9s audiovizu\u00e1lis munk\u00e1iban.<\/p>\n<p><strong>Hajime Narukava <\/strong>&#8211; \u00e9p\u00edt\u00e9sz \/\/ Toki\u00f3, Jap\u00e1n<br \/>\nAz Arnhem Academie van Bouwkunst formatervez\u00e9si st\u00fadi\u00f3j\u00e1nak oktat\u00f3ja, a Directie Nord Zee, holland miniszt\u00e9riumi \u00e9p\u00fclet tervez\u0151je, amely a VMX Architects (2001) d\u00edj\u00e1t is elnyerte. Szerkezetm\u00e9rn\u00f6ki munk\u00e1t v\u00e9gzett a &#8220;Montjuic 2, Barcelona&#8221; \u00e9s sz\u00e1mtalan m\u00e1s hasonl\u00f3 projektben a Sasaki Structural Consultant (2003) szervez\u00e9s\u00e9ben. 2006-ban J. End\u00f3val, M. Sumiyoshival \u00e9s m\u00e1sokkal egy\u00fcttm\u0171k\u00f6dve kialak\u00edtotta a &#8220;mercibeaucoup, Kyoto&#8221; arculat\u00e1t, amely egyedi tervez\u00e9s\u0171 ruh\u00e1kat \u00e9rt\u00e9kes\u00edt izgalmas \u00e9p\u00edt\u00e9szeti terekben.<\/p>\n<p>A kur\u00e1torokr\u00f3l:<\/p>\n<p><strong>J\u00falius Gyula<\/strong> \/\/ Budapest, Magyarorsz\u00e1g<\/p>\n<p>Projektvezet\u0151, a 11. Nemzetk\u00f6zi Velencei \u00c9p\u00edt\u00e9szeti Bienn\u00e1le magyar pavilonj\u00e1ban bemutatott &#8220;Corpora in Si(gh)te&#8221; projekt kur\u00e1tora. F\u00fcggetlen k\u00e9pz\u0151m\u0171v\u00e9sz, kur\u00e1tor, kultur\u00e1lis menedzser, sz\u00e1mos telev\u00edzi\u00f3s kultur\u00e1lis m\u0171sor szerkeszt\u0151je. Rendszeresen publik\u00e1l m\u0171v\u00e9szetkritik\u00e1kat magyarorsz\u00e1gi m\u0171v\u00e9szeti foly\u00f3iratokban. Kor\u00e1bban &#8211; mint a Pixel Gal\u00e9ria m\u0171v\u00e9szeti vezet\u0151je &#8211; a vil\u00e1g elismert vide\u00f3m\u0171v\u00e9szeinek alkot\u00e1saib\u00f3l 2005-t\u0151l kezd\u0151d\u0151en sikeres ki\u00e1ll\u00edt\u00e1s sorozatot rendezett, amit a mindeddig egyetlen magyarorsz\u00e1gi internet- \u00e9s szoftverm\u0171v\u00e9szettel (NetArt) foglalkoz\u00f3 ki\u00e1ll\u00edt\u00e1s sz\u00e9ria k\u00f6vetett 2007-ben. T\u00f6bb nemzetk\u00f6zi \u00e9s helyi, nagy l\u00e9pt\u00e9k\u0171 m\u0171v\u00e9szeti projekt k\u00e9pvisel\u0151jek\u00e9nt a magyarorsz\u00e1gi m\u0171v\u00e9szeti szc\u00e9n\u00e1ban a progressz\u00edv m\u0171v\u00e9szeti gondolkod\u00e1s j\u00f3l ismert sz\u00f3sz\u00f3l\u00f3ja.<\/p>\n<p><strong>Abe <\/strong> <strong>Kazunao <\/strong>\/\/ Toki\u00f3, Jap\u00e1n<br \/>\nA Yamaguchi Center for Arts and Media (YCAM &#8211; Yamaguchi M\u0171v\u00e9szet \u00e9s M\u00e9dia K\u00f6zpont) m\u0171v\u00e9szeti vezet\u0151je \u00e9s vezet\u0151 kur\u00e1tora. Eszt\u00e9tik\u00e1t \u00e9s m\u0171v\u00e9szett\u00f6rt\u00e9netet tanult a toki\u00f3i M\u0171v\u00e9szeti Egyetemen. 1990-t\u0151l 2001-ig Toki\u00f3ban a Canon M\u0171v\u00e9szeti Laborj\u00e1nak t\u00e1rskur\u00e1torak\u00e9nt t\u00f6bb innovat\u00edv m\u00e9diam\u0171v\u00e9szeti projekten is dolgozott, mint pl. Teiji Furuhashi &#8220;LOVERS&#8221;, a Knowbotic Research &#8220;IO_DENCIES&#8221;, illetve Carsten Nicolai \u00e9s Marko Peljhan &#8220;polar&#8221; c\u00edm\u0171 munk\u00e1ja. R\u00e9szt vett az YCAM mint int\u00e9zm\u00e9ny fel\u00e1ll\u00edt\u00e1s\u00e1ban, ahol 2003-t\u00f3l dolgozik jelenlegi poz\u00edci\u00f3j\u00e1ban. Itt t\u00f6bbek k\u00f6z\u00f6tt Ryoji Ikeda &#8220;C4I&#8221; \u00e9s &#8220;datamatics&#8221; c\u00edm\u0171, Seiko Mikami \u00e9s Sota Ichikawa &#8220;gravicelles &#8211; gravity and resistance&#8221; c\u00edm\u0171, exonemo &#8220;WORLD B&#8221; c\u00edm\u0171, Ryuichi Sakamoto and Shiro Takatani &#8220;LIFE &#8211; fluid, invisible, inaudible&#8230;&#8221; c\u00edm\u0171, valamint Otomo Yoshihide &#8220;ENSEMBLES&#8221; c\u00edm\u0171 ki\u00e1ll\u00edt\u00e1s\u00e1nak volt a producere. 2005-ben tagja volt a berlini Transmediale.06 nemzetk\u00f6zi m\u00e9diam\u0171v\u00e9szeti fesztiv\u00e1l zs\u0171rij\u00e9nek.<\/p>\n","protected":false},"excerpt":{"rendered":"<p>A doubleNegatives Architecture (dNA) jap\u00e1n-sv\u00e1jci-magyar csapat tagjai Sota Ichikawa, Mar\u00f3y \u00c1kos, Max Rheiner, Kaoru Kobata, tov\u00e1bb\u00e1 Satoru Higa \u00e9s Hajime Narukava. A dNA Corpora projektj\u00e9nek kur\u00e1torai t\u00f6bbek k\u00f6z\u00f6tt J\u00falius Gyula \u00e9s Abe Kazuano. A csapat tagjair\u00f3l: Sota Ichikawa &#8211; \u00e9p\u00edt\u00e9sz \/\/ Toki\u00f3, Jap\u00e1n 1995-ben kezdett el egy a t\u00e9r lek\u00e9pz\u00e9s\u00e9re ir\u00e1nyul\u00f3 projekttel foglalkozni, melyet &#8220;\u00d6sszetett [&hellip;]<\/p>\n","protected":false},"author":3,"featured_media":0,"parent":3,"menu_order":3,"comment_status":"closed","ping_status":"open","template":"","meta":{"ngg_post_thumbnail":0},"_links":{"self":[{"href":"https:\/\/corpora.hu\/hu\/wp-json\/wp\/v2\/pages\/194"}],"collection":[{"href":"https:\/\/corpora.hu\/hu\/wp-json\/wp\/v2\/pages"}],"about":[{"href":"https:\/\/corpora.hu\/hu\/wp-json\/wp\/v2\/types\/page"}],"author":[{"embeddable":true,"href":"https:\/\/corpora.hu\/hu\/wp-json\/wp\/v2\/users\/3"}],"replies":[{"embeddable":true,"href":"https:\/\/corpora.hu\/hu\/wp-json\/wp\/v2\/comments?post=194"}],"version-history":[{"count":11,"href":"https:\/\/corpora.hu\/hu\/wp-json\/wp\/v2\/pages\/194\/revisions"}],"predecessor-version":[{"id":275,"href":"https:\/\/corpora.hu\/hu\/wp-json\/wp\/v2\/pages\/194\/revisions\/275"}],"up":[{"embeddable":true,"href":"https:\/\/corpora.hu\/hu\/wp-json\/wp\/v2\/pages\/3"}],"wp:attachment":[{"href":"https:\/\/corpora.hu\/hu\/wp-json\/wp\/v2\/media?parent=194"}],"curies":[{"name":"wp","href":"https:\/\/api.w.org\/{rel}","templated":true}]}}