{"id":185,"date":"2008-07-31T23:55:19","date_gmt":"2008-07-31T21:55:19","guid":{"rendered":"http:\/\/corpora.hu\/hu\/?page_id=185"},"modified":"2008-12-22T10:24:24","modified_gmt":"2008-12-22T08:24:24","slug":"sajtoanyagok","status":"publish","type":"page","link":"https:\/\/corpora.hu\/hu\/sajtoszoba\/sajtoanyagok\/","title":{"rendered":"Sajt\u00f3anyagok, -k\u00f6zlem\u00e9nyek"},"content":{"rendered":"<ul>\n<li><a onclick=\"javascript:pageTracker._trackPageview('\/outgoing\/corpora.hu\/hu\/wp-content\/uploads\/2008\/08\/press-release_mucsarnok_hun.doc');\"  href=\"http:\/\/corpora.hu\/hu\/wp-content\/uploads\/2008\/08\/press-release_mucsarnok_hun.doc\">11. Nemzetk\u00f6zi \u00c9p\u00edt\u00e9szeti Ki\u00e1ll\u00edt\u00e1s, La Biennale di Venezia 2008 Magyar Pavilon (msword)<\/a> &#8211; A M\u0171csarnok sajt\u00f3k\u00f6zlem\u00e9nye 2008. augusztus 15.<\/li>\n<li><a onclick=\"javascript:pageTracker._trackPageview('\/outgoing\/corpora.hu\/hu\/2008\/08\/pavilon-algoritmusbol-sajtokozlemeny\/');\"  href=\"http:\/\/corpora.hu\/hu\/2008\/08\/pavilon-algoritmusbol-sajtokozlemeny\/\">Pavilon algoritmusb\u00f3l: \u00c9p\u00edt\u00e9szet \u00e9s cyber-zenbuddhizmus<\/a> &#8211; dNA sajt\u00f3k\u00f6zlem\u00e9ny 2008. augusztus 6.<\/li>\n<li><a onclick=\"javascript:pageTracker._trackPageview('\/outgoing\/www.mucsarnok.hu\/new_site\/dl\/YCAM_release_venice_en2.pdf');\"  href=\"http:\/\/www.mucsarnok.hu\/new_site\/dl\/YCAM_release_venice_en2.pdf\">A Yamaguchi Center for Art and Media, Jap\u00e1n  (YCAM) angol nyelv\u0171 sajt\u00f3k\u00f6zlem\u00e9nye a 11. Velencei Nemzetk\u00f6zi \u00c9p\u00edt\u00e9szeti Ki\u00e1ll\u00edt\u00e1s kapcs\u00e1n (pdf) <\/a><\/li>\n<li><a onclick=\"javascript:pageTracker._trackPageview('\/outgoing\/corpora.hu\/hu\/2008\/04\/a-velencei-epiteszeti-biennale-magyar-pavilonjara-kiirt-palyazat-eredmenyhirdetese\/');\"  href=\"http:\/\/corpora.hu\/hu\/2008\/04\/a-velencei-epiteszeti-biennale-magyar-pavilonjara-kiirt-palyazat-eredmenyhirdetese\/\">A 11. Velencei Nemzetk\u00f6zi \u00c9p\u00edt\u00e9szeti Ki\u00e1ll\u00edt\u00e1s gy\u0151ztes p\u00e1ly\u00e1zat\u00e1nak eredm\u00e9nyhirdet\u00e9se<\/a> &#8211; Sajt\u00f3k\u00f6zlem\u00e9ny 2008. febru\u00e1r 22.<\/li>\n<\/ul>\n","protected":false},"excerpt":{"rendered":"<p>11. Nemzetk\u00f6zi \u00c9p\u00edt\u00e9szeti Ki\u00e1ll\u00edt\u00e1s, La Biennale di Venezia 2008 Magyar Pavilon (msword) &#8211; A M\u0171csarnok sajt\u00f3k\u00f6zlem\u00e9nye 2008. augusztus 15. Pavilon algoritmusb\u00f3l: \u00c9p\u00edt\u00e9szet \u00e9s cyber-zenbuddhizmus &#8211; dNA sajt\u00f3k\u00f6zlem\u00e9ny 2008. augusztus 6. A Yamaguchi Center for Art and Media, Jap\u00e1n (YCAM) angol nyelv\u0171 sajt\u00f3k\u00f6zlem\u00e9nye a 11. Velencei Nemzetk\u00f6zi \u00c9p\u00edt\u00e9szeti Ki\u00e1ll\u00edt\u00e1s kapcs\u00e1n (pdf) A 11. Velencei Nemzetk\u00f6zi \u00c9p\u00edt\u00e9szeti [&hellip;]<\/p>\n","protected":false},"author":3,"featured_media":0,"parent":8,"menu_order":2,"comment_status":"closed","ping_status":"open","template":"","meta":{"ngg_post_thumbnail":0},"_links":{"self":[{"href":"https:\/\/corpora.hu\/hu\/wp-json\/wp\/v2\/pages\/185"}],"collection":[{"href":"https:\/\/corpora.hu\/hu\/wp-json\/wp\/v2\/pages"}],"about":[{"href":"https:\/\/corpora.hu\/hu\/wp-json\/wp\/v2\/types\/page"}],"author":[{"embeddable":true,"href":"https:\/\/corpora.hu\/hu\/wp-json\/wp\/v2\/users\/3"}],"replies":[{"embeddable":true,"href":"https:\/\/corpora.hu\/hu\/wp-json\/wp\/v2\/comments?post=185"}],"version-history":[{"count":28,"href":"https:\/\/corpora.hu\/hu\/wp-json\/wp\/v2\/pages\/185\/revisions"}],"predecessor-version":[{"id":620,"href":"https:\/\/corpora.hu\/hu\/wp-json\/wp\/v2\/pages\/185\/revisions\/620"}],"up":[{"embeddable":true,"href":"https:\/\/corpora.hu\/hu\/wp-json\/wp\/v2\/pages\/8"}],"wp:attachment":[{"href":"https:\/\/corpora.hu\/hu\/wp-json\/wp\/v2\/media?parent=185"}],"curies":[{"name":"wp","href":"https:\/\/api.w.org\/{rel}","templated":true}]}}