{"id":116,"date":"2008-07-31T15:45:24","date_gmt":"2008-07-31T13:45:24","guid":{"rendered":"http:\/\/corpora.hu\/hu\/?page_id=116"},"modified":"2008-12-22T10:22:20","modified_gmt":"2008-12-22T08:22:20","slug":"katalogus","status":"publish","type":"page","link":"https:\/\/corpora.hu\/hu\/sajtoszoba\/katalogus\/","title":{"rendered":"Katal\u00f3gus"},"content":{"rendered":"<p>Az al\u00e1bbi oldalakon fokozatosan el\u00e9rhet\u0151 lesz a Corpora in Si(gh)te m\u00e1sodik k\u00f6nyve, a 11. Velencei \u00c9p\u00edt\u00e9szeti Bienn\u00e1l\u00e9 Magyar pavilonj\u00e1nak katal\u00f3gusa. Az els\u0151 k\u00f6tet angol nyelven megv\u00e1s\u00e1rolhat\u00f3 a Bienn\u00e1l\u00e9 hivatalos k\u00f6nyvesboltj\u00e1ban, <a onclick=\"javascript:pageTracker._trackPageview('\/outgoing\/corpora.hu\/en\/press-materials\/concept-book\/');\"  href=\"http:\/\/corpora.hu\/en\/press-materials\/concept-book\/\">vagy let\u00f6lthet\u0151 az al\u00e1bbi oldalr\u00f3l  (pdf)<\/a>.<\/p>\n<p>A fejezeteket egy id\u0151ben publik\u00e1ljuk m\u00e9diapartner\u00fcnkkel, az <a onclick=\"javascript:pageTracker._trackPageview('\/outgoing\/www.epiteszforum.hu\/');\"  href=\"http:\/\/www.epiteszforum.hu\/\">\u00c9p\u00edt\u00e9szf\u00f3rummal<\/a>.<\/p>\n<p><strong>A katal\u00f3gus fejezetei:<\/strong><\/p>\n","protected":false},"excerpt":{"rendered":"<p>Az al\u00e1bbi oldalakon fokozatosan el\u00e9rhet\u0151 lesz a Corpora in Si(gh)te m\u00e1sodik k\u00f6nyve, a 11. Velencei \u00c9p\u00edt\u00e9szeti Bienn\u00e1l\u00e9 Magyar pavilonj\u00e1nak katal\u00f3gusa. Az els\u0151 k\u00f6tet angol nyelven megv\u00e1s\u00e1rolhat\u00f3 a Bienn\u00e1l\u00e9 hivatalos k\u00f6nyvesboltj\u00e1ban, vagy let\u00f6lthet\u0151 az al\u00e1bbi oldalr\u00f3l (pdf). A fejezeteket egy id\u0151ben publik\u00e1ljuk m\u00e9diapartner\u00fcnkkel, az \u00c9p\u00edt\u00e9szf\u00f3rummal. A katal\u00f3gus fejezetei:<\/p>\n","protected":false},"author":3,"featured_media":0,"parent":8,"menu_order":4,"comment_status":"closed","ping_status":"open","template":"","meta":{"ngg_post_thumbnail":0},"_links":{"self":[{"href":"https:\/\/corpora.hu\/hu\/wp-json\/wp\/v2\/pages\/116"}],"collection":[{"href":"https:\/\/corpora.hu\/hu\/wp-json\/wp\/v2\/pages"}],"about":[{"href":"https:\/\/corpora.hu\/hu\/wp-json\/wp\/v2\/types\/page"}],"author":[{"embeddable":true,"href":"https:\/\/corpora.hu\/hu\/wp-json\/wp\/v2\/users\/3"}],"replies":[{"embeddable":true,"href":"https:\/\/corpora.hu\/hu\/wp-json\/wp\/v2\/comments?post=116"}],"version-history":[{"count":17,"href":"https:\/\/corpora.hu\/hu\/wp-json\/wp\/v2\/pages\/116\/revisions"}],"predecessor-version":[{"id":212,"href":"https:\/\/corpora.hu\/hu\/wp-json\/wp\/v2\/pages\/116\/revisions\/212"}],"up":[{"embeddable":true,"href":"https:\/\/corpora.hu\/hu\/wp-json\/wp\/v2\/pages\/8"}],"wp:attachment":[{"href":"https:\/\/corpora.hu\/hu\/wp-json\/wp\/v2\/media?parent=116"}],"curies":[{"name":"wp","href":"https:\/\/api.w.org\/{rel}","templated":true}]}}