{"id":85,"date":"2008-04-23T04:45:57","date_gmt":"2008-04-23T08:45:57","guid":{"rendered":"http:\/\/corpora.tyrell.hu\/en\/?page_id=85"},"modified":"2010-03-16T19:04:22","modified_gmt":"2010-03-16T17:04:22","slug":"corpora-chronology","status":"publish","type":"page","link":"https:\/\/corpora.hu\/en\/corpora-chronology\/","title":{"rendered":"Corpora Exhibitions"},"content":{"rendered":"<p><strong>A brief chronology of exhibitions related to Corpora:<\/strong><\/p>\n<ul>\n<li> <a onclick=\"javascript:pageTracker._trackPageview('\/outgoing\/www.ntticc.or.jp\/Archive\/2005\/Opennature\/Works\/corporaproceed.html');\"  href=\"http:\/\/www.ntticc.or.jp\/Archive\/2005\/Opennature\/Works\/corporaproceed.html\">Open Nature<\/a><strong> &#8211;<\/strong>selected group exhibition \/ ICC, Tokyo, Japan &#8211; April 29 &#8211; July 3, 2005<br \/> Photo: KIOKU Keizo<\/li>\n<\/ul>\n<p style=\"text-align: center;\"><a onclick=\"javascript:pageTracker._trackPageview('\/downloads\/en\/wp-content\/uploads\/2008\/04\/open1.jpg');\"  href=\"http:\/\/corpora.tyrell.hu\/en\/wp-content\/uploads\/2008\/04\/open1.jpg\"><img loading=\"lazy\" class=\"size-full wp-image-87 aligncenter\" title=\"open1\" src=\"http:\/\/corpora.tyrell.hu\/en\/wp-content\/uploads\/2008\/04\/open1.jpg\" alt=\"\" width=\"179\" height=\"376\" \/><\/a><\/p>\n<p><a onclick=\"javascript:pageTracker._trackPageview('\/downloads\/en\/wp-content\/uploads\/2008\/04\/setfor2.gif');\"  href=\"http:\/\/corpora.tyrell.hu\/en\/wp-content\/uploads\/2008\/04\/setfor2.gif\"><\/a><\/p>\n<ul>\n<li><a onclick=\"javascript:pageTracker._trackPageview('\/outgoing\/doublenegatives.jp\/contents-dN\/inst\/Corpora\/SCFTP\/index.htm');\"  href=\"http:\/\/doublenegatives.jp\/contents-dN\/inst\/Corpora\/SCFTP\/index.htm\">Set The Controls For The Pieces<\/a> &#8211; solo exhibition \/ Gallery Mountain Box, Karuizawa, Nagano, Japan &#8211; August 7 &#8211; August 16, 2005<\/li>\n<\/ul>\n<p style=\"text-align: center;\"><a onclick=\"javascript:pageTracker._trackPageview('\/downloads\/en\/wp-content\/uploads\/2008\/04\/setfor2.gif');\"  href=\"http:\/\/corpora.tyrell.hu\/en\/wp-content\/uploads\/2008\/04\/setfor2.gif\"><img loading=\"lazy\" class=\"size-full wp-image-89 aligncenter\" title=\"setfor2\" src=\"http:\/\/corpora.tyrell.hu\/en\/wp-content\/uploads\/2008\/04\/setfor2.gif\" alt=\"\" width=\"500\" height=\"125\" srcset=\"https:\/\/corpora.hu\/en\/wp-content\/uploads\/2008\/04\/setfor2.gif 1000w, https:\/\/corpora.hu\/en\/wp-content\/uploads\/2008\/04\/setfor2-300x75.gif 300w\" sizes=\"(max-width: 500px) 100vw, 500px\" \/><\/a><\/p>\n<ul>\n<li> <a onclick=\"javascript:pageTracker._trackPageview('\/outgoing\/doublenegatives.jp\/contents-dN\/inst\/Corpora\/DP\/index.htm');\"  href=\"http:\/\/doublenegatives.jp\/contents-dN\/inst\/Corpora\/DP\/index.htm\">Daejeon FAST: Future of Art, Science and Technology<\/a><strong> &#8211; <\/strong>selected group exhibition \/ Daejeon Museum of Art, Daejeon, Korea &#8211; October 19 &#8211; December 18, 2005<\/li>\n<\/ul>\n<p class=\"MsoNormal\" style=\"text-align: center;\"><a onclick=\"javascript:pageTracker._trackPageview('\/downloads\/en\/wp-content\/uploads\/2008\/04\/daejeon-fast.jpg');\"  href=\"http:\/\/corpora.tyrell.hu\/en\/wp-content\/uploads\/2008\/04\/daejeon-fast.jpg\"><img loading=\"lazy\" class=\"size-full wp-image-90 aligncenter\" title=\"daejeon-fast\" src=\"http:\/\/corpora.tyrell.hu\/en\/wp-content\/uploads\/2008\/04\/daejeon-fast.jpg\" alt=\"\" width=\"500\" height=\"340\" srcset=\"https:\/\/corpora.hu\/en\/wp-content\/uploads\/2008\/04\/daejeon-fast.jpg 800w, https:\/\/corpora.hu\/en\/wp-content\/uploads\/2008\/04\/daejeon-fast-300x204.jpg 300w\" sizes=\"(max-width: 500px) 100vw, 500px\" \/><\/a><\/p>\n<p class=\"MsoNormal\">\u00a0<\/p>\n<p class=\"MsoNormal\">\u00a0<\/p>\n<ul>\n<li><strong> <\/strong><a onclick=\"javascript:pageTracker._trackPageview('\/outgoing\/www.beautifulnewworld.info\/');\"  href=\"http:\/\/www.beautifulnewworld.info\/\">Beautiful New World: Contemporary Visual Culture from Japan<\/a><strong> &#8211; <\/strong>selected group exhibition \/ 798 Art Zone, Beijing, China &#8211; September 25 &#8211; October 21, 2007<\/li>\n<\/ul>\n<ul>\n<li> <a onclick=\"javascript:pageTracker._trackPageview('\/outgoing\/www.beautifulnewworld.info\/');\"  href=\"http:\/\/www.beautifulnewworld.info\/\">Beautiful New World: Contemporary Visual Culture from Japa<\/a><a onclick=\"javascript:pageTracker._trackPageview('\/outgoing\/www.beautifulnewworld.info\/');\"  href=\"http:\/\/www.beautifulnewworld.info\/\">n<\/a><strong> <\/strong>&#8211; selected group exhibition \/ Guandong Museum of Art, Guandong, China &#8211; December 25, 2007 &#8211; January 20, 2008<\/li>\n<\/ul>\n<ul>\n<li><strong><a onclick=\"javascript:pageTracker._trackPageview('\/outgoing\/www.ycam.jp\/en\/');\"  href=\"http:\/\/www.ycam.jp\/en\/\"> <\/a><\/strong><a onclick=\"javascript:pageTracker._trackPageview('\/outgoing\/www.ycam.jp\/en\/');\"  href=\"http:\/\/www.ycam.jp\/en\/\">Corpora in Si(gh)te<\/a><strong> <\/strong>&#8211; solo exhibition\/ YCAM, Yamaguchi, Japan &#8211; October 13 &#8211; December 29, 2007<\/li>\n<\/ul>\n<ul>\n<li>Corpora in Si(gh)te &#8211; exhibition at the Hungarian Pavilion at the <a onclick=\"javascript:pageTracker._trackPageview('\/outgoing\/www.labiennale.org\/');\"  href=\"http:\/\/www.labiennale.org\/\">Venice Architecture Biennale<\/a> in Venice, Italy, fall 2008<\/li>\n<\/ul>\n<ul>\n<li>Corpora in Si(gh)te &#8211; at the <a onclick=\"javascript:pageTracker._trackPageview('\/outgoing\/www.hungaricum.de\/');\"  href=\"http:\/\/www.hungaricum.de\/\">Collegium Hungaricum Berlin<\/a>, as an event of the <a onclick=\"javascript:pageTracker._trackPageview('\/outgoing\/www.transmediale.de\/');\"  href=\"http:\/\/www.transmediale.de\/\">Transmediale Festival<\/a> in Berlin, Germany, February &#8211; March 2009.<\/li>\n<\/ul>\n<ul>\n<li>Corpora.prospect &#8211; part of the <a onclick=\"javascript:pageTracker._trackPageview('\/outgoing\/www.ntticc.or.jp\/Exhibition\/2009\/Openspace2009\/Works\/theme.html');\"  href=\"http:\/\/www.ntticc.or.jp\/Exhibition\/2009\/Openspace2009\/Works\/theme.html\">Mission G<\/a> OpenSpace exhibition at the <a onclick=\"javascript:pageTracker._trackPageview('\/outgoing\/www.ntticc.or.jp\/');\"  href=\"http:\/\/www.ntticc.or.jp\/\">NTT InterCommunication Center<\/a> in Tokyo, Japan, between March 2009 and 28th February 2010.<\/li>\n<\/ul>\n<ul>\n<li>Corpora in Si(gh)te &#8211; received an <a onclick=\"javascript:pageTracker._trackPageview('\/outgoing\/www.aec.at\/prix_history_en.php?year=2009');\"  href=\"http:\/\/www.aec.at\/prix_history_en.php?year=2009\">Honorary Mention<\/a> in the Hybrid Art category at the <a onclick=\"javascript:pageTracker._trackPageview('\/outgoing\/prix.aec.at\/');\"  href=\"http:\/\/prix.aec.at\/\">Ars Electronica Festival<\/a> and displayed at the <a onclick=\"javascript:pageTracker._trackPageview('\/outgoing\/www.ok-centrum.at\/');\"  href=\"http:\/\/www.ok-centrum.at\/\">OK Center<\/a> in Linz, Austria, between September and October 2009.<\/li>\n<\/ul>\n<ul>\n<li>Corpora in Si(gh)te\u00a0 &#8211; at the <a onclick=\"javascript:pageTracker._trackPageview('\/outgoing\/www.artealameda.bellasartes.gob.mx\/');\"  href=\"http:\/\/www.artealameda.bellasartes.gob.mx\/\">Laboratorio Arte Alameda<\/a> in Mexico City, Mexico, at the (IN) POSICI\u00d3N DIN\u00c1MICA event, as part of Ars Electronica en M\u00e9xico at the <a onclick=\"javascript:pageTracker._trackPageview('\/outgoing\/www.festival.org.mx\/');\"  href=\"http:\/\/www.festival.org.mx\/\">Festival de M\u00e9xico<\/a>, between 17th March and 11th May 2010.<\/li>\n<\/ul>\n<ul>\n<li>Corpora &#8211; featured at the <a onclick=\"javascript:pageTracker._trackPageview('\/outgoing\/www.hybridart.ru\/');\"  href=\"http:\/\/www.hybridart.ru\/\">Lexus Hybrid Art<\/a> event in Moscow, Russia, between 1st and 4th April, 2010.<\/li>\n<\/ul>\n<p class=\"MsoNormal\"><strong>Projects related to Corpora:<\/strong><\/p>\n<ul>\n<li><a href=\"http:\/\/corpora.tyrell.hu\/en\/exhibitions\/what-is-the-super-eye\/\"><strong> <\/strong><\/a><a onclick=\"javascript:pageTracker._trackPageview('\/outgoing\/doublenegatives.jp\/contents-si\/super-eye\/main.htm');\"  href=\"http:\/\/doublenegatives.jp\/contents-si\/super-eye\/main.htm\">Smooth compound eyes -&gt; Super eye (research project)<\/a> \/ 1995-<\/li>\n<li><a onclick=\"javascript:pageTracker._trackPageview('\/outgoing\/doublenegatives.jp\/contents-dN\/inst\/2skins\/main.htm');\"  href=\"http:\/\/doublenegatives.jp\/contents-dN\/inst\/2skins\/main.htm\">2 Skins &#8211; Architecture without Building (exhibition)<\/a><strong> \/ <\/strong>NW house gallery Tokyo Japan &#8211; November 25 &#8211; December 7 1998<\/li>\n<\/ul>\n<p class=\"MsoNormal\" style=\"text-align: center;\"><a onclick=\"javascript:pageTracker._trackPageview('\/downloads\/en\/wp-content\/uploads\/2008\/04\/kenta-ichikawa.jpg');\"  href=\"http:\/\/corpora.tyrell.hu\/en\/wp-content\/uploads\/2008\/04\/kenta-ichikawa.jpg\"><img loading=\"lazy\" class=\"size-full wp-image-91 aligncenter\" title=\"kenta-ichikawa\" src=\"http:\/\/corpora.tyrell.hu\/en\/wp-content\/uploads\/2008\/04\/kenta-ichikawa.jpg\" alt=\"\" width=\"500\" height=\"183\" srcset=\"https:\/\/corpora.hu\/en\/wp-content\/uploads\/2008\/04\/kenta-ichikawa.jpg 600w, https:\/\/corpora.hu\/en\/wp-content\/uploads\/2008\/04\/kenta-ichikawa-300x110.jpg 300w\" sizes=\"(max-width: 500px) 100vw, 500px\" \/><\/a><\/p>\n<p class=\"MsoNormal\">Photo: Kenta Ichikawa<\/p>\n<ul>\n<li><strong> <\/strong><a onclick=\"javascript:pageTracker._trackPageview('\/outgoing\/doublenegatives.jp\/contents-dN\/buil\/solarbus\/main.htm');\"  href=\"http:\/\/doublenegatives.jp\/contents-dN\/buil\/solarbus\/main.htm\">Solar Bus (house design)<\/a> \/ 2006- incomplete<\/li>\n<li>Building competition plan \/Stockholm, Sweden &#8211; October 2006<\/li>\n<li>Building competition plan \/ Jerusalem, Israel -November 2006<\/li>\n<li>Building competition plan \/ Jerusalem, Israel -January 2007<\/li>\n<li><a href=\"http:\/\/corpora.tyrell.hu\/en\/exhibitions\/algorithmic-wall\/\"><strong> <\/strong>Algorithmic Wall (interior design)<\/a> \/ Tama Art University Information, Design Department Art Course B-LAB studio &#8211; May 2007<\/li>\n<li>Blind Face (tentative title) (interior design) \/ Roppongi Tokyo Japan &#8211; will complete June 2008<a href=\"http:\/\/corpora.tyrell.hu\/en\/exhibitions\/algorithmic-wall\/\"><strong><br \/> <\/strong><\/a><\/li>\n<\/ul>\n<p class=\"MsoNormal\"><span style=\"font-size: 10pt; font-family: Arial;\"><br \/> <\/span><\/p>\n","protected":false},"excerpt":{"rendered":"<p>A brief chronology of exhibitions related to Corpora: Open Nature &#8211;selected group exhibition \/ ICC, Tokyo, Japan &#8211; April 29 &#8211; July 3, 2005 Photo: KIOKU Keizo Set The Controls For The Pieces &#8211; solo exhibition \/ Gallery Mountain Box, Karuizawa, Nagano, Japan &#8211; August 7 &#8211; August 16, 2005 Daejeon FAST: Future of Art, [&hellip;]<\/p>\n","protected":false},"author":18,"featured_media":0,"parent":0,"menu_order":20,"comment_status":"open","ping_status":"open","template":"","meta":{"ngg_post_thumbnail":0},"_links":{"self":[{"href":"https:\/\/corpora.hu\/en\/wp-json\/wp\/v2\/pages\/85"}],"collection":[{"href":"https:\/\/corpora.hu\/en\/wp-json\/wp\/v2\/pages"}],"about":[{"href":"https:\/\/corpora.hu\/en\/wp-json\/wp\/v2\/types\/page"}],"author":[{"embeddable":true,"href":"https:\/\/corpora.hu\/en\/wp-json\/wp\/v2\/users\/18"}],"replies":[{"embeddable":true,"href":"https:\/\/corpora.hu\/en\/wp-json\/wp\/v2\/comments?post=85"}],"version-history":[{"count":14,"href":"https:\/\/corpora.hu\/en\/wp-json\/wp\/v2\/pages\/85\/revisions"}],"predecessor-version":[{"id":165,"href":"https:\/\/corpora.hu\/en\/wp-json\/wp\/v2\/pages\/85\/revisions\/165"}],"wp:attachment":[{"href":"https:\/\/corpora.hu\/en\/wp-json\/wp\/v2\/media?parent=85"}],"curies":[{"name":"wp","href":"https:\/\/api.w.org\/{rel}","templated":true}]}}