{"id":393,"date":"2008-09-11T21:48:56","date_gmt":"2008-09-11T19:48:56","guid":{"rendered":"http:\/\/corpora.hu\/en\/?page_id=393"},"modified":"2008-09-11T21:48:56","modified_gmt":"2008-09-11T19:48:56","slug":"faq-on-corpora","status":"publish","type":"page","link":"https:\/\/corpora.hu\/en\/exhibitions\/faq-on-corpora\/","title":{"rendered":"FAQ on Corpora"},"content":{"rendered":"<p>There is a three part FAQ available on the Corpora project, which covers many aspects of Corpora in Si(gh)te:<\/p>\n<ul>\n<li>In <a onclick=\"javascript:pageTracker._trackPageview('\/outgoing\/corpora.hu\/en\/2008\/06\/08\/faq1\/');\"  href=\"http:\/\/corpora.hu\/en\/2008\/06\/08\/faq1\/\">Part I<\/a> Beata Obory, biologist ask \u00c1kos Mar\u00f3y, the member of the dNa group on the basic structue of Corpora.<\/li>\n<li><a onclick=\"javascript:pageTracker._trackPageview('\/outgoing\/corpora.hu\/en\/2008\/06\/11\/faq2\/');\"  href=\"http:\/\/corpora.hu\/en\/2008\/06\/11\/faq2\/\">Part II<\/a> focuses on some architectural aspects of the Corpora in Si(gh)te<\/li>\n<li><a onclick=\"javascript:pageTracker._trackPageview('\/outgoing\/corpora.hu\/en\/2008\/06\/22\/faq3\/');\"  href=\"http:\/\/corpora.hu\/en\/2008\/06\/22\/faq3\/\">Part III<\/a> is a discussion about Corpora and the motives behind Corpora in Si(gh)te by \u00c1kos Mar\u00f3y, software artist and Enik\u0151 Marton, Architect on some of the basic concepts of corpora. What role might this project get in the field of Contemporary Architecture, and how innovative it is in this field?<\/li>\n<\/ul>\n","protected":false},"excerpt":{"rendered":"<p>There is a three part FAQ available on the Corpora project, which covers many aspects of Corpora in Si(gh)te: In Part I Beata Obory, biologist ask \u00c1kos Mar\u00f3y, the member of the dNa group on the basic structue of Corpora. Part II focuses on some architectural aspects of the Corpora in Si(gh)te Part III is [&hellip;]<\/p>\n","protected":false},"author":18,"featured_media":0,"parent":3,"menu_order":4,"comment_status":"open","ping_status":"open","template":"","meta":{"ngg_post_thumbnail":0},"_links":{"self":[{"href":"https:\/\/corpora.hu\/en\/wp-json\/wp\/v2\/pages\/393"}],"collection":[{"href":"https:\/\/corpora.hu\/en\/wp-json\/wp\/v2\/pages"}],"about":[{"href":"https:\/\/corpora.hu\/en\/wp-json\/wp\/v2\/types\/page"}],"author":[{"embeddable":true,"href":"https:\/\/corpora.hu\/en\/wp-json\/wp\/v2\/users\/18"}],"replies":[{"embeddable":true,"href":"https:\/\/corpora.hu\/en\/wp-json\/wp\/v2\/comments?post=393"}],"version-history":[{"count":3,"href":"https:\/\/corpora.hu\/en\/wp-json\/wp\/v2\/pages\/393\/revisions"}],"predecessor-version":[{"id":657,"href":"https:\/\/corpora.hu\/en\/wp-json\/wp\/v2\/pages\/393\/revisions\/657"}],"up":[{"embeddable":true,"href":"https:\/\/corpora.hu\/en\/wp-json\/wp\/v2\/pages\/3"}],"wp:attachment":[{"href":"https:\/\/corpora.hu\/en\/wp-json\/wp\/v2\/media?parent=393"}],"curies":[{"name":"wp","href":"https:\/\/api.w.org\/{rel}","templated":true}]}}