{"id":37,"date":"2008-04-13T12:35:18","date_gmt":"2008-04-13T16:35:18","guid":{"rendered":"http:\/\/corpora.tyrell.hu\/"},"modified":"2008-08-12T09:25:44","modified_gmt":"2008-08-12T07:25:44","slug":"press-materials","status":"publish","type":"page","link":"https:\/\/corpora.hu\/en\/press-materials\/","title":{"rendered":"Press"},"content":{"rendered":"<p><strong>Contact: Bienn\u00e1l\u00e9 Press Office<br \/>\n<\/strong><\/p>\n<p>e-mail: <a onclick=\"javascript:pageTracker._trackPageview('\/mailto\/biennaleoffice@mucsarnok.hu');\"  href=\"mailto:biennaleoffice@mucsarnok.hu\" target=\"_blank\">biennaleoffice@mucsarnok.hu<\/a><br \/>\nphone: (+ 36 1) 460-7000\/123<br \/>\nfax: (+ 36 1) 363-6335<br \/>\nmobile: (+ 36-30) 340-7849<\/p>\n<p><strong>Curator: Gyula <\/strong><strong>J\u00falius <\/strong><\/p>\n<p>e-mail: <a onclick=\"javascript:pageTracker._trackPageview('\/mailto\/gyjulius@gmail.com');\"  href=\"mailto:gyjulius@gmail.com\" target=\"_blank\">gyjulius@gmail.com<\/a><\/p>\n<p><strong>The Hungarian member of doubleNegatives Architecture: \u00c1kos <\/strong><strong>Mar\u00f3y <\/strong><\/p>\n<p>e-mail: <a onclick=\"javascript:pageTracker._trackPageview('\/mailto\/akos@maroy.hu');\"  href=\"mailto:akos@maroy.hu\" target=\"_blank\">akos@maroy.hu<\/a><\/p>\n<p><strong>Catalogue and press materials:<\/strong><\/p>\n<p><a onclick=\"javascript:pageTracker._trackPageview('\/outgoing\/corpora.hu\/en\/wp-content\/uploads\/2008\/06\/cis_release_venice_en2.pdf');\"  href=\"http:\/\/corpora.hu\/en\/wp-content\/uploads\/2008\/06\/cis_release_venice_en2.pdf\"> <\/a><\/p>\n","protected":false},"excerpt":{"rendered":"<p>Contact: Bienn\u00e1l\u00e9 Press Office e-mail: biennaleoffice@mucsarnok.hu phone: (+ 36 1) 460-7000\/123 fax: (+ 36 1) 363-6335 mobile: (+ 36-30) 340-7849 Curator: Gyula J\u00falius e-mail: gyjulius@gmail.com The Hungarian member of doubleNegatives Architecture: \u00c1kos Mar\u00f3y e-mail: akos@maroy.hu Catalogue and press materials:<\/p>\n","protected":false},"author":7,"featured_media":0,"parent":0,"menu_order":3,"comment_status":"open","ping_status":"open","template":"","meta":{"ngg_post_thumbnail":0},"_links":{"self":[{"href":"https:\/\/corpora.hu\/en\/wp-json\/wp\/v2\/pages\/37"}],"collection":[{"href":"https:\/\/corpora.hu\/en\/wp-json\/wp\/v2\/pages"}],"about":[{"href":"https:\/\/corpora.hu\/en\/wp-json\/wp\/v2\/types\/page"}],"author":[{"embeddable":true,"href":"https:\/\/corpora.hu\/en\/wp-json\/wp\/v2\/users\/7"}],"replies":[{"embeddable":true,"href":"https:\/\/corpora.hu\/en\/wp-json\/wp\/v2\/comments?post=37"}],"version-history":[{"count":6,"href":"https:\/\/corpora.hu\/en\/wp-json\/wp\/v2\/pages\/37\/revisions"}],"predecessor-version":[{"id":140,"href":"https:\/\/corpora.hu\/en\/wp-json\/wp\/v2\/pages\/37\/revisions\/140"}],"wp:attachment":[{"href":"https:\/\/corpora.hu\/en\/wp-json\/wp\/v2\/media?parent=37"}],"curies":[{"name":"wp","href":"https:\/\/api.w.org\/{rel}","templated":true}]}}