{"id":135,"date":"2008-07-31T23:33:31","date_gmt":"2008-07-31T21:33:31","guid":{"rendered":"http:\/\/corpora.hu\/en\/?page_id=135"},"modified":"2008-08-11T22:53:07","modified_gmt":"2008-08-11T20:53:07","slug":"catalogue","status":"publish","type":"page","link":"https:\/\/corpora.hu\/en\/press-materials\/catalogue\/","title":{"rendered":"The Venice Catalogue"},"content":{"rendered":"<p>The publication supporting the Hungarian Pavilion of the The 11. Venice Architectural Biennale will be available to download and reading on this site.<\/p>\n<p>The chapteres will be published weekly in a Hungarian architectural webportal, \u00c9p\u00edt\u00e9szf\u00f3rum and on this site.<\/p>\n","protected":false},"excerpt":{"rendered":"<p>The publication supporting the Hungarian Pavilion of the The 11. Venice Architectural Biennale will be available to download and reading on this site. The chapteres will be published weekly in a Hungarian architectural webportal, \u00c9p\u00edt\u00e9szf\u00f3rum and on this site.<\/p>\n","protected":false},"author":18,"featured_media":0,"parent":37,"menu_order":10,"comment_status":"open","ping_status":"open","template":"","meta":{"ngg_post_thumbnail":0},"_links":{"self":[{"href":"https:\/\/corpora.hu\/en\/wp-json\/wp\/v2\/pages\/135"}],"collection":[{"href":"https:\/\/corpora.hu\/en\/wp-json\/wp\/v2\/pages"}],"about":[{"href":"https:\/\/corpora.hu\/en\/wp-json\/wp\/v2\/types\/page"}],"author":[{"embeddable":true,"href":"https:\/\/corpora.hu\/en\/wp-json\/wp\/v2\/users\/18"}],"replies":[{"embeddable":true,"href":"https:\/\/corpora.hu\/en\/wp-json\/wp\/v2\/comments?post=135"}],"version-history":[{"count":4,"href":"https:\/\/corpora.hu\/en\/wp-json\/wp\/v2\/pages\/135\/revisions"}],"predecessor-version":[{"id":154,"href":"https:\/\/corpora.hu\/en\/wp-json\/wp\/v2\/pages\/135\/revisions\/154"}],"up":[{"embeddable":true,"href":"https:\/\/corpora.hu\/en\/wp-json\/wp\/v2\/pages\/37"}],"wp:attachment":[{"href":"https:\/\/corpora.hu\/en\/wp-json\/wp\/v2\/media?parent=135"}],"curies":[{"name":"wp","href":"https:\/\/api.w.org\/{rel}","templated":true}]}}